{"id":3996,"date":"2024-02-07T15:07:21","date_gmt":"2024-02-07T14:07:21","guid":{"rendered":"https:\/\/mindplay-marketing.com\/impressum\/"},"modified":"2024-05-21T13:59:32","modified_gmt":"2024-05-21T11:59:32","slug":"imprint","status":"publish","type":"page","link":"https:\/\/mindplay-marketing.com\/en\/imprint\/","title":{"rendered":"Imprint"},"content":{"rendered":"<section class=\"wpb-content-wrapper\"><p>[vc_row][vc_column][vc_column_text]<\/p>\n<div class=\"grid-100 mobile-grid-100 tablet-grid-100\">\n<header class=\"page-header pt-style-2 header-left page-primary-header\">\n<h1 class=\"page-title\">Imprint<\/h1>\n<\/header>\n<\/div>\n<div class=\"grid-100 mobile-grid-100 tablet-grid-100\">\n<div class=\"entry-content clearfix\">\n<div class=\"grid-100 mobile-grid-100 tablet-grid-100\">\n<header class=\"page-header pt-style-2 header-left page-primary-header\">\n<p><strong>Mindplay Marketing GmbH<\/strong><br \/>Nymphenburger-Str. 25 RGB<br \/>80335 Munich, Germany<\/p>\n<p>Tel.: +49 171 9615212<br \/>Email: <a target=\"_new\" rel=\"noreferrer noopener\">servus@mindplay-marketing.com<\/a><\/p>\n<p>Tax Number (Germany): 143\/162\/91571<br \/>VAT ID No. (Germany): DE314750301<br \/>Commercial Register Number (Germany): HRB 236339<br \/>Managing Director: Giuliano Capo<\/p>\n<p><strong>Liability for Content<br \/><\/strong>The content of our pages has been created with the utmost care. However, we cannot guarantee the accuracy, completeness, or timeliness of the content. As a service provider, we are responsible for our own content on these pages in accordance with general laws, pursuant to \u00a7 7 para.1 TMG (German Telemedia Act). However, according to \u00a7\u00a7 8 to 10 TMG, we are not obligated as a service provider to monitor transmitted or stored third-party information or to investigate circumstances that indicate illegal activity. Obligations to remove or block the use of information according to general laws remain unaffected by this. Liability in this regard is only possible from the time of knowledge of a specific infringement. Upon becoming aware of such infringements, we will promptly remove this content.<\/p>\n<p><strong>Liability for Links<br \/><\/strong>Our offer contains links to external websites of third parties, on whose content we have no influence. Therefore, we cannot assume any liability for this external content. The respective provider or operator of the linked sites is always responsible for their content. The linked sites were checked for possible legal violations at the time of linking. Illegal content was not recognizable at the time of linking. Permanent monitoring of the content of the linked sites is not reasonable without concrete evidence of a violation of the law. Upon becoming aware of legal violations, we will promptly remove such links.<\/p>\n<p><strong>Copyright<br \/><\/strong>The content and works created by the site operators on these pages are subject to German copyright law. Duplication, processing, distribution, and any kind of exploitation outside the limits of copyright law require the written consent of the respective author or creator. Downloads and copies of this site are only permitted for private, non-commercial use. Insofar as the content on this site was not created by the operator, the copyrights of third parties are respected. In particular, third-party content is marked as such. Should you nevertheless become aware of a copyright infringement, please inform us accordingly. Upon becoming aware of legal violations, we will promptly remove such content.<\/p>\n<\/header>\n<\/div>\n<\/div>\n<\/div>\n\n<p>&nbsp;<\/p>\n<p>[\/vc_column_text][\/vc_column][\/vc_row]<\/p>\n<\/section>","protected":false},"excerpt":{"rendered":"<p>[vc_row][vc_column][vc_column_text] Imprint Mindplay Marketing GmbHNymphenburger-Str. 25 RGB80335 Munich, Germany Tel.: +49 171 9615212Email: servus@mindplay-marketing.com Tax Number (Germany): 143\/162\/91571VAT ID No. (Germany): DE314750301Commercial Register Number (Germany): HRB 236339Managing Director: Giuliano Capo <\/p>\n","protected":false},"author":1,"featured_media":3931,"parent":0,"menu_order":0,"comment_status":"closed","ping_status":"closed","template":"","meta":{"footnotes":""},"class_list":["post-3996","page","type-page","status-publish","has-post-thumbnail","hentry"],"yoast_head":"<!-- This site is optimized with the Yoast SEO plugin v23.3 - https:\/\/yoast.com\/wordpress\/plugins\/seo\/ -->\n<title>Imprint | Mindplay Marketing GmbH<\/title>\n<meta name=\"description\" content=\"Here you will find all necessary legal information, contact details, and details about Mindplay Marketing GmbH\" \/>\n<meta name=\"robots\" content=\"index, follow, max-snippet:-1, max-image-preview:large, max-video-preview:-1\" \/>\n<link rel=\"canonical\" href=\"https:\/\/mindplay-marketing.com\/en\/imprint\/\" \/>\n<meta property=\"og:locale\" content=\"en_US\" \/>\n<meta property=\"og:type\" content=\"article\" \/>\n<meta property=\"og:title\" content=\"Imprint | Mindplay Marketing GmbH\" \/>\n<meta property=\"og:description\" content=\"Here you will find all necessary legal information, contact details, and details about Mindplay Marketing GmbH\" \/>\n<meta property=\"og:url\" content=\"https:\/\/mindplay-marketing.com\/en\/imprint\/\" \/>\n<meta property=\"og:site_name\" content=\"Mindplay Marketing\" \/>\n<meta property=\"article:modified_time\" content=\"2024-05-21T11:59:32+00:00\" \/>\n<meta name=\"twitter:card\" content=\"summary_large_image\" \/>\n<meta name=\"twitter:label1\" content=\"Est. reading time\" \/>\n\t<meta name=\"twitter:data1\" content=\"2 minutes\" \/>\n<script type=\"application\/ld+json\" class=\"yoast-schema-graph\">{\"@context\":\"https:\/\/schema.org\",\"@graph\":[{\"@type\":\"WebPage\",\"@id\":\"https:\/\/mindplay-marketing.com\/en\/imprint\/\",\"url\":\"https:\/\/mindplay-marketing.com\/en\/imprint\/\",\"name\":\"Imprint | Mindplay Marketing GmbH\",\"isPartOf\":{\"@id\":\"https:\/\/mindplay-marketing.com\/en\/#website\"},\"primaryImageOfPage\":{\"@id\":\"https:\/\/mindplay-marketing.com\/en\/imprint\/#primaryimage\"},\"image\":{\"@id\":\"https:\/\/mindplay-marketing.com\/en\/imprint\/#primaryimage\"},\"thumbnailUrl\":\"https:\/\/mindplay-marketing.com\/wp-content\/uploads\/2024\/01\/Team_WebApp.png\",\"datePublished\":\"2024-02-07T14:07:21+00:00\",\"dateModified\":\"2024-05-21T11:59:32+00:00\",\"description\":\"Here you will find all necessary legal information, contact details, and details about Mindplay Marketing GmbH\",\"breadcrumb\":{\"@id\":\"https:\/\/mindplay-marketing.com\/en\/imprint\/#breadcrumb\"},\"inLanguage\":\"en-US\",\"potentialAction\":[{\"@type\":\"ReadAction\",\"target\":[\"https:\/\/mindplay-marketing.com\/en\/imprint\/\"]}]},{\"@type\":\"ImageObject\",\"inLanguage\":\"en-US\",\"@id\":\"https:\/\/mindplay-marketing.com\/en\/imprint\/#primaryimage\",\"url\":\"https:\/\/mindplay-marketing.com\/wp-content\/uploads\/2024\/01\/Team_WebApp.png\",\"contentUrl\":\"https:\/\/mindplay-marketing.com\/wp-content\/uploads\/2024\/01\/Team_WebApp.png\",\"width\":812,\"height\":607,\"caption\":\"Das gesamte Mindplay Marketing Team ist in schwarz wei\u00df Fotos dargestellt. Im Hintergrund sind schwarz umrandete Kreise mit einer gr\u00fcnen Fl\u00e4chenf\u00fcllung im dunklen Farbverlauf.\"},{\"@type\":\"BreadcrumbList\",\"@id\":\"https:\/\/mindplay-marketing.com\/en\/imprint\/#breadcrumb\",\"itemListElement\":[{\"@type\":\"ListItem\",\"position\":1,\"name\":\"Startseite\",\"item\":\"https:\/\/mindplay-marketing.com\/en\/\"},{\"@type\":\"ListItem\",\"position\":2,\"name\":\"Imprint\"}]},{\"@type\":\"WebSite\",\"@id\":\"https:\/\/mindplay-marketing.com\/en\/#website\",\"url\":\"https:\/\/mindplay-marketing.com\/en\/\",\"name\":\"Mindplay Marketing\",\"description\":\"Dynamisch. Schnell. Innovativ und Verst\u00e4ndlich\",\"publisher\":{\"@id\":\"https:\/\/mindplay-marketing.com\/en\/#organization\"},\"potentialAction\":[{\"@type\":\"SearchAction\",\"target\":{\"@type\":\"EntryPoint\",\"urlTemplate\":\"https:\/\/mindplay-marketing.com\/en\/?s={search_term_string}\"},\"query-input\":\"required name=search_term_string\"}],\"inLanguage\":\"en-US\"},{\"@type\":\"Organization\",\"@id\":\"https:\/\/mindplay-marketing.com\/en\/#organization\",\"name\":\"Mindplay Marketing\",\"url\":\"https:\/\/mindplay-marketing.com\/en\/\",\"logo\":{\"@type\":\"ImageObject\",\"inLanguage\":\"en-US\",\"@id\":\"https:\/\/mindplay-marketing.com\/en\/#\/schema\/logo\/image\/\",\"url\":\"https:\/\/mindplay-marketing.com\/wp-content\/uploads\/2024\/03\/2550x650_schwarz_lang_353x90.png\",\"contentUrl\":\"https:\/\/mindplay-marketing.com\/wp-content\/uploads\/2024\/03\/2550x650_schwarz_lang_353x90.png\",\"width\":353,\"height\":90,\"caption\":\"Mindplay Marketing\"},\"image\":{\"@id\":\"https:\/\/mindplay-marketing.com\/en\/#\/schema\/logo\/image\/\"},\"sameAs\":[\"https:\/\/www.instagram.com\/mindplaymarketing\/\"]}]}<\/script>\n<!-- \/ Yoast SEO plugin. -->","yoast_head_json":{"title":"Imprint | Mindplay Marketing GmbH","description":"Here you will find all necessary legal information, contact details, and details about Mindplay Marketing GmbH","robots":{"index":"index","follow":"follow","max-snippet":"max-snippet:-1","max-image-preview":"max-image-preview:large","max-video-preview":"max-video-preview:-1"},"canonical":"https:\/\/mindplay-marketing.com\/en\/imprint\/","og_locale":"en_US","og_type":"article","og_title":"Imprint | Mindplay Marketing GmbH","og_description":"Here you will find all necessary legal information, contact details, and details about Mindplay Marketing GmbH","og_url":"https:\/\/mindplay-marketing.com\/en\/imprint\/","og_site_name":"Mindplay Marketing","article_modified_time":"2024-05-21T11:59:32+00:00","twitter_card":"summary_large_image","twitter_misc":{"Est. reading time":"2 minutes"},"schema":{"@context":"https:\/\/schema.org","@graph":[{"@type":"WebPage","@id":"https:\/\/mindplay-marketing.com\/en\/imprint\/","url":"https:\/\/mindplay-marketing.com\/en\/imprint\/","name":"Imprint | Mindplay Marketing GmbH","isPartOf":{"@id":"https:\/\/mindplay-marketing.com\/en\/#website"},"primaryImageOfPage":{"@id":"https:\/\/mindplay-marketing.com\/en\/imprint\/#primaryimage"},"image":{"@id":"https:\/\/mindplay-marketing.com\/en\/imprint\/#primaryimage"},"thumbnailUrl":"https:\/\/mindplay-marketing.com\/wp-content\/uploads\/2024\/01\/Team_WebApp.png","datePublished":"2024-02-07T14:07:21+00:00","dateModified":"2024-05-21T11:59:32+00:00","description":"Here you will find all necessary legal information, contact details, and details about Mindplay Marketing GmbH","breadcrumb":{"@id":"https:\/\/mindplay-marketing.com\/en\/imprint\/#breadcrumb"},"inLanguage":"en-US","potentialAction":[{"@type":"ReadAction","target":["https:\/\/mindplay-marketing.com\/en\/imprint\/"]}]},{"@type":"ImageObject","inLanguage":"en-US","@id":"https:\/\/mindplay-marketing.com\/en\/imprint\/#primaryimage","url":"https:\/\/mindplay-marketing.com\/wp-content\/uploads\/2024\/01\/Team_WebApp.png","contentUrl":"https:\/\/mindplay-marketing.com\/wp-content\/uploads\/2024\/01\/Team_WebApp.png","width":812,"height":607,"caption":"Das gesamte Mindplay Marketing Team ist in schwarz wei\u00df Fotos dargestellt. Im Hintergrund sind schwarz umrandete Kreise mit einer gr\u00fcnen Fl\u00e4chenf\u00fcllung im dunklen Farbverlauf."},{"@type":"BreadcrumbList","@id":"https:\/\/mindplay-marketing.com\/en\/imprint\/#breadcrumb","itemListElement":[{"@type":"ListItem","position":1,"name":"Startseite","item":"https:\/\/mindplay-marketing.com\/en\/"},{"@type":"ListItem","position":2,"name":"Imprint"}]},{"@type":"WebSite","@id":"https:\/\/mindplay-marketing.com\/en\/#website","url":"https:\/\/mindplay-marketing.com\/en\/","name":"Mindplay Marketing","description":"Dynamisch. Schnell. Innovativ und Verst\u00e4ndlich","publisher":{"@id":"https:\/\/mindplay-marketing.com\/en\/#organization"},"potentialAction":[{"@type":"SearchAction","target":{"@type":"EntryPoint","urlTemplate":"https:\/\/mindplay-marketing.com\/en\/?s={search_term_string}"},"query-input":"required name=search_term_string"}],"inLanguage":"en-US"},{"@type":"Organization","@id":"https:\/\/mindplay-marketing.com\/en\/#organization","name":"Mindplay Marketing","url":"https:\/\/mindplay-marketing.com\/en\/","logo":{"@type":"ImageObject","inLanguage":"en-US","@id":"https:\/\/mindplay-marketing.com\/en\/#\/schema\/logo\/image\/","url":"https:\/\/mindplay-marketing.com\/wp-content\/uploads\/2024\/03\/2550x650_schwarz_lang_353x90.png","contentUrl":"https:\/\/mindplay-marketing.com\/wp-content\/uploads\/2024\/03\/2550x650_schwarz_lang_353x90.png","width":353,"height":90,"caption":"Mindplay Marketing"},"image":{"@id":"https:\/\/mindplay-marketing.com\/en\/#\/schema\/logo\/image\/"},"sameAs":["https:\/\/www.instagram.com\/mindplaymarketing\/"]}]}},"_links":{"self":[{"href":"https:\/\/mindplay-marketing.com\/en\/wp-json\/wp\/v2\/pages\/3996","targetHints":{"allow":["GET"]}}],"collection":[{"href":"https:\/\/mindplay-marketing.com\/en\/wp-json\/wp\/v2\/pages"}],"about":[{"href":"https:\/\/mindplay-marketing.com\/en\/wp-json\/wp\/v2\/types\/page"}],"author":[{"embeddable":true,"href":"https:\/\/mindplay-marketing.com\/en\/wp-json\/wp\/v2\/users\/1"}],"replies":[{"embeddable":true,"href":"https:\/\/mindplay-marketing.com\/en\/wp-json\/wp\/v2\/comments?post=3996"}],"version-history":[{"count":2,"href":"https:\/\/mindplay-marketing.com\/en\/wp-json\/wp\/v2\/pages\/3996\/revisions"}],"predecessor-version":[{"id":4321,"href":"https:\/\/mindplay-marketing.com\/en\/wp-json\/wp\/v2\/pages\/3996\/revisions\/4321"}],"wp:featuredmedia":[{"embeddable":true,"href":"https:\/\/mindplay-marketing.com\/en\/wp-json\/wp\/v2\/media\/3931"}],"wp:attachment":[{"href":"https:\/\/mindplay-marketing.com\/en\/wp-json\/wp\/v2\/media?parent=3996"}],"curies":[{"name":"wp","href":"https:\/\/api.w.org\/{rel}","templated":true}]}}