{"id":3998,"date":"2020-12-22T08:46:18","date_gmt":"2020-12-22T07:46:18","guid":{"rendered":"https:\/\/mindplay-marketing.com\/kontakt\/"},"modified":"2024-05-21T13:52:18","modified_gmt":"2024-05-21T11:52:18","slug":"contact","status":"publish","type":"page","link":"https:\/\/mindplay-marketing.com\/en\/contact\/","title":{"rendered":"Contact"},"content":{"rendered":"<section class=\"wpb-content-wrapper\"><p>[vc_row][vc_column]<div class=\"banner-two\" >\r\n\t<div class=\"container\">\r\n\t\t<div class=\"banner-inner\">\r\n\t\t\t<div class=\"row align-items-center\">\r\n\t\t\t\t<div class=\"col-lg-7\">\r\n\t\t\t\t\t<div class=\"banner-content\">\t\t\t\t\t\r\n\t\t\t\t\t\t\t\t\t\t\t\t\t<h6 class=\"wow fadeInUp sub-title text-primary\" data-wow-delay=\"0.5s\">\r\n\t\t\t\t\t\t\t\tHere you can contact us!\t\t\t\t\t\t\t<\/h6>\r\n\t\t\t\t\t\t\t\t\t\t\t\t\r\n\t\t\t\t\t\t\t\t\t\t\t\t\t<h1 class=\"wow fadeInUp m-b20\" data-wow-delay=\"1s\">\r\n\t\t\t\t\t\t\t\tContact\t\t\t\t\t\t\t<\/h1>\r\n\t\t\t\t\t\t\t\t\t\t\t\t\r\n\t\t\t\t\t\t\r\n\t\t\t\t\t\t\t\r\n\t\t\t\t\t\t\r\n\t\t\t\t\t\t\t\r\n\t\t\t\t\t\t\r\n\t\t\t\t\t\t\t\t\t\t\t<\/div>\r\n\t\t\t\t<\/div>\r\n\t\t\t\t<div class=\"col-lg-5\">\r\n\t\t\t\t\t<div class=\"banner-media\">\r\n\t\t\t\t\t\t\t\t\t\t\t\t\r\n\t\t\t\t\t\t\t\t\t\t\t<\/div>\r\n\t\t\t\t<\/div>\r\n\t\t\t<\/div>\r\n\t\t<\/div>\r\n\t<\/div>\r\n<\/div><section class=\"content-inner\" >\r\n\t<div class=\"container\">\r\n\t\t<div class=\"row align-items-center\">\r\n\t\t\t\t\t\t\t<div class=\"col-lg-6 m-b30 wow fadeInLeft d-lg-block d-none\" data-wow-duration=\"2s\" data-wow-delay=\"0.2s\">\r\n\t\t\t\t\t<div class=\"dlab-media left-ml-100\">\r\n\t\t\t\t\t\t<img decoding=\"async\" src=\"https:\/\/mindplay-marketing.com\/wp-content\/uploads\/2024\/01\/Team_gross.png\" class=\"move-1\" alt=\"Image\"\/>\r\n\t\t\t\t\t<\/div>\r\n\t\t\t\t<\/div>\r\n\t\t\t\t\t\t\r\n\t\t\t<div class=\"col-lg-6 m-b30 wow fadeInRight\" data-wow-duration=\"2s\" data-wow-delay=\"0.4s\">\r\n\t\t\t\t<div class=\"dlab-form style-1 dzForm\">\r\n\t\t\t\t\t\t\t\t\t\t\t<div class=\"section-head style-3\">\r\n\t\t\t\t\t\t\t<h3 class=\"title m-t0\">\r\n\t\t\t\t\t\t\t\tContact us\t\t\t\t\t\t\t<\/h3>\r\n\t\t\t\t\t\t\t\r\n\t\t\t\t\t\t\t\t\t\t\t\t\t<p>\r\n\t\t\t\t\t\t\t\tDo you have any questions about our services or just want to chat with us? Then go ahead and hit the keys! We\u2019re here to talk.\t\t\t\t\t\t\t<\/p>\r\n\t\t\t\t\t\t\t\t\t\t\t\t<\/div>\r\n\t\t\t\t\t\t\t\t\t\t\r\n\t\t\t\t\t\n<div class=\"wpcf7 no-js\" id=\"wpcf7-f4009-o1\" lang=\"en-US\" dir=\"ltr\">\n<div class=\"screen-reader-response\"><p role=\"status\" aria-live=\"polite\" aria-atomic=\"true\"><\/p> <ul><\/ul><\/div>\n<form action=\"\/en\/wp-json\/wp\/v2\/pages\/3998#wpcf7-f4009-o1\" method=\"post\" class=\"wpcf7-form init\" aria-label=\"Contact form\" novalidate=\"novalidate\" data-status=\"init\">\n<div style=\"display: none;\">\n<input type=\"hidden\" name=\"_wpcf7\" value=\"4009\" \/>\n<input type=\"hidden\" name=\"_wpcf7_version\" value=\"5.9.8\" \/>\n<input type=\"hidden\" name=\"_wpcf7_locale\" value=\"en_US\" \/>\n<input type=\"hidden\" name=\"_wpcf7_unit_tag\" value=\"wpcf7-f4009-o1\" \/>\n<input type=\"hidden\" name=\"_wpcf7_container_post\" value=\"0\" \/>\n<input type=\"hidden\" name=\"_wpcf7_posted_data_hash\" value=\"\" \/>\n<input type=\"hidden\" name=\"_wpcf7_recaptcha_response\" value=\"\" \/>\n<\/div>\n<div class=\"row sp10\">\n\n<div class=\"col-sm-12\">\n<div class=\"form-group\">\n<span class=\"wpcf7-form-control-wrap\" data-name=\"dzName\"><input size=\"40\" maxlength=\"400\" class=\"wpcf7-form-control wpcf7-text wpcf7-validates-as-required form-control\" aria-required=\"true\" aria-invalid=\"false\" placeholder=\"name\" value=\"\" type=\"text\" name=\"dzName\" \/><\/span>\n<\/div>\n<\/div>\n\n<div class=\"col-sm-12\">\n<div class=\"form-group\">\n<span class=\"wpcf7-form-control-wrap\" data-name=\"dzEmail\"><input size=\"40\" maxlength=\"400\" class=\"wpcf7-form-control wpcf7-email wpcf7-validates-as-required wpcf7-text wpcf7-validates-as-email form-control\" aria-required=\"true\" aria-invalid=\"false\" placeholder=\"email address\" value=\"\" type=\"email\" name=\"dzEmail\" \/><\/span>\n<\/div>\n<\/div>\n\n<div class=\"col-sm-12\">\n<div class=\"form-group\">\n<span class=\"wpcf7-form-control-wrap\" data-name=\"phone\"><input size=\"40\" maxlength=\"400\" class=\"wpcf7-form-control wpcf7-text form-control\" aria-invalid=\"false\" placeholder=\"phone\" value=\"\" type=\"text\" name=\"phone\" \/><\/span>\n<\/div>\n<\/div>\n\n<div class=\"col-sm-12\">\n<div class=\"form-group\">\n<span class=\"wpcf7-form-control-wrap\" data-name=\"dzMessage\"><textarea cols=\"40\" rows=\"10\" maxlength=\"2000\" class=\"wpcf7-form-control wpcf7-textarea wpcf7-validates-as-required form-control\" aria-required=\"true\" aria-invalid=\"false\" placeholder=\"your message...\" name=\"dzMessage\"><\/textarea><\/span>\n<\/div>\n<\/div>\n\n<div class=\"col-sm-12\">\n<div class=\"form-group\">\n<input class=\"wpcf7-form-control wpcf7-submit has-spinner btn gradient btn-block btn-primary\" type=\"submit\" value=\"Submit now\" \/>\n<\/div>\n<\/div>\n\nWe will use your details to respond to your request. You can find further information in our <a href=\"https:\/\/mindplay-marketing.com\/datenschutzinformation\/\" target=\"_blank\" style=\"white-space: nowrap;\">data policy<\/a>.\n\n<\/div><div class=\"wpcf7-response-output\" aria-hidden=\"true\"><\/div>\n<\/form>\n<\/div>\n\t\t\t\t<\/div>\r\n\t\t\t<\/div>\r\n\t\t<\/div>\r\n\t<\/div>\r\n<\/section>[\/vc_column][\/vc_row]<\/p>\n<\/section>","protected":false},"excerpt":{"rendered":"<p>[vc_row][vc_column][\/vc_column][\/vc_row]<\/p>\n","protected":false},"author":1,"featured_media":3929,"parent":0,"menu_order":0,"comment_status":"closed","ping_status":"closed","template":"samar_homepage.php","meta":{"footnotes":""},"class_list":["post-3998","page","type-page","status-publish","has-post-thumbnail","hentry"],"yoast_head":"<!-- This site is optimized with the Yoast SEO plugin v23.3 - https:\/\/yoast.com\/wordpress\/plugins\/seo\/ -->\n<title>Contact | Mindplay Marketing GmbH<\/title>\n<meta name=\"description\" content=\"Nymphenburger-Str. 25 RGB, 80335 Munich, GER \u260e Tel.: +49 171 9615212 \u2713 Email: servus@mindplay-marketing.com\" \/>\n<meta name=\"robots\" content=\"index, follow, max-snippet:-1, max-image-preview:large, max-video-preview:-1\" \/>\n<link rel=\"canonical\" href=\"https:\/\/mindplay-marketing.com\/en\/contact\/\" \/>\n<meta property=\"og:locale\" content=\"en_US\" \/>\n<meta property=\"og:type\" content=\"article\" \/>\n<meta property=\"og:title\" content=\"Contact | Mindplay Marketing GmbH\" \/>\n<meta property=\"og:description\" content=\"Nymphenburger-Str. 25 RGB, 80335 Munich, GER \u260e Tel.: +49 171 9615212 \u2713 Email: servus@mindplay-marketing.com\" \/>\n<meta property=\"og:url\" content=\"https:\/\/mindplay-marketing.com\/en\/contact\/\" \/>\n<meta property=\"og:site_name\" content=\"Mindplay Marketing\" \/>\n<meta property=\"article:modified_time\" content=\"2024-05-21T11:52:18+00:00\" \/>\n<meta name=\"twitter:card\" content=\"summary_large_image\" \/>\n<meta name=\"twitter:label1\" content=\"Est. reading time\" \/>\n\t<meta name=\"twitter:data1\" content=\"1 minute\" \/>\n<script type=\"application\/ld+json\" class=\"yoast-schema-graph\">{\"@context\":\"https:\/\/schema.org\",\"@graph\":[{\"@type\":\"WebPage\",\"@id\":\"https:\/\/mindplay-marketing.com\/en\/contact\/\",\"url\":\"https:\/\/mindplay-marketing.com\/en\/contact\/\",\"name\":\"Contact | Mindplay Marketing GmbH\",\"isPartOf\":{\"@id\":\"https:\/\/mindplay-marketing.com\/en\/#website\"},\"primaryImageOfPage\":{\"@id\":\"https:\/\/mindplay-marketing.com\/en\/contact\/#primaryimage\"},\"image\":{\"@id\":\"https:\/\/mindplay-marketing.com\/en\/contact\/#primaryimage\"},\"thumbnailUrl\":\"https:\/\/mindplay-marketing.com\/wp-content\/uploads\/2024\/01\/Team_Social-Media.png\",\"datePublished\":\"2020-12-22T07:46:18+00:00\",\"dateModified\":\"2024-05-21T11:52:18+00:00\",\"description\":\"Nymphenburger-Str. 25 RGB, 80335 Munich, GER \u260e Tel.: +49 171 9615212 \u2713 Email: servus@mindplay-marketing.com\",\"breadcrumb\":{\"@id\":\"https:\/\/mindplay-marketing.com\/en\/contact\/#breadcrumb\"},\"inLanguage\":\"en-US\",\"potentialAction\":[{\"@type\":\"ReadAction\",\"target\":[\"https:\/\/mindplay-marketing.com\/en\/contact\/\"]}]},{\"@type\":\"ImageObject\",\"inLanguage\":\"en-US\",\"@id\":\"https:\/\/mindplay-marketing.com\/en\/contact\/#primaryimage\",\"url\":\"https:\/\/mindplay-marketing.com\/wp-content\/uploads\/2024\/01\/Team_Social-Media.png\",\"contentUrl\":\"https:\/\/mindplay-marketing.com\/wp-content\/uploads\/2024\/01\/Team_Social-Media.png\",\"width\":812,\"height\":607,\"caption\":\"Das gesamte Mindplay Marketing Team ist in schwarz wei\u00df Fotos dargestellt. Im Hintergrund sind schwarz umrandete Kreise mit einer rosa-orangenen Fl\u00e4chenf\u00fcllung im Farbverlauf.\"},{\"@type\":\"BreadcrumbList\",\"@id\":\"https:\/\/mindplay-marketing.com\/en\/contact\/#breadcrumb\",\"itemListElement\":[{\"@type\":\"ListItem\",\"position\":1,\"name\":\"Startseite\",\"item\":\"https:\/\/mindplay-marketing.com\/en\/\"},{\"@type\":\"ListItem\",\"position\":2,\"name\":\"Contact\"}]},{\"@type\":\"WebSite\",\"@id\":\"https:\/\/mindplay-marketing.com\/en\/#website\",\"url\":\"https:\/\/mindplay-marketing.com\/en\/\",\"name\":\"Mindplay Marketing\",\"description\":\"Dynamisch. Schnell. Innovativ und Verst\u00e4ndlich\",\"publisher\":{\"@id\":\"https:\/\/mindplay-marketing.com\/en\/#organization\"},\"potentialAction\":[{\"@type\":\"SearchAction\",\"target\":{\"@type\":\"EntryPoint\",\"urlTemplate\":\"https:\/\/mindplay-marketing.com\/en\/?s={search_term_string}\"},\"query-input\":\"required name=search_term_string\"}],\"inLanguage\":\"en-US\"},{\"@type\":\"Organization\",\"@id\":\"https:\/\/mindplay-marketing.com\/en\/#organization\",\"name\":\"Mindplay Marketing\",\"url\":\"https:\/\/mindplay-marketing.com\/en\/\",\"logo\":{\"@type\":\"ImageObject\",\"inLanguage\":\"en-US\",\"@id\":\"https:\/\/mindplay-marketing.com\/en\/#\/schema\/logo\/image\/\",\"url\":\"https:\/\/mindplay-marketing.com\/wp-content\/uploads\/2024\/03\/2550x650_schwarz_lang_353x90.png\",\"contentUrl\":\"https:\/\/mindplay-marketing.com\/wp-content\/uploads\/2024\/03\/2550x650_schwarz_lang_353x90.png\",\"width\":353,\"height\":90,\"caption\":\"Mindplay Marketing\"},\"image\":{\"@id\":\"https:\/\/mindplay-marketing.com\/en\/#\/schema\/logo\/image\/\"},\"sameAs\":[\"https:\/\/www.instagram.com\/mindplaymarketing\/\"]}]}<\/script>\n<!-- \/ Yoast SEO plugin. -->","yoast_head_json":{"title":"Contact | Mindplay Marketing GmbH","description":"Nymphenburger-Str. 25 RGB, 80335 Munich, GER \u260e Tel.: +49 171 9615212 \u2713 Email: servus@mindplay-marketing.com","robots":{"index":"index","follow":"follow","max-snippet":"max-snippet:-1","max-image-preview":"max-image-preview:large","max-video-preview":"max-video-preview:-1"},"canonical":"https:\/\/mindplay-marketing.com\/en\/contact\/","og_locale":"en_US","og_type":"article","og_title":"Contact | Mindplay Marketing GmbH","og_description":"Nymphenburger-Str. 25 RGB, 80335 Munich, GER \u260e Tel.: +49 171 9615212 \u2713 Email: servus@mindplay-marketing.com","og_url":"https:\/\/mindplay-marketing.com\/en\/contact\/","og_site_name":"Mindplay Marketing","article_modified_time":"2024-05-21T11:52:18+00:00","twitter_card":"summary_large_image","twitter_misc":{"Est. reading time":"1 minute"},"schema":{"@context":"https:\/\/schema.org","@graph":[{"@type":"WebPage","@id":"https:\/\/mindplay-marketing.com\/en\/contact\/","url":"https:\/\/mindplay-marketing.com\/en\/contact\/","name":"Contact | Mindplay Marketing GmbH","isPartOf":{"@id":"https:\/\/mindplay-marketing.com\/en\/#website"},"primaryImageOfPage":{"@id":"https:\/\/mindplay-marketing.com\/en\/contact\/#primaryimage"},"image":{"@id":"https:\/\/mindplay-marketing.com\/en\/contact\/#primaryimage"},"thumbnailUrl":"https:\/\/mindplay-marketing.com\/wp-content\/uploads\/2024\/01\/Team_Social-Media.png","datePublished":"2020-12-22T07:46:18+00:00","dateModified":"2024-05-21T11:52:18+00:00","description":"Nymphenburger-Str. 25 RGB, 80335 Munich, GER \u260e Tel.: +49 171 9615212 \u2713 Email: servus@mindplay-marketing.com","breadcrumb":{"@id":"https:\/\/mindplay-marketing.com\/en\/contact\/#breadcrumb"},"inLanguage":"en-US","potentialAction":[{"@type":"ReadAction","target":["https:\/\/mindplay-marketing.com\/en\/contact\/"]}]},{"@type":"ImageObject","inLanguage":"en-US","@id":"https:\/\/mindplay-marketing.com\/en\/contact\/#primaryimage","url":"https:\/\/mindplay-marketing.com\/wp-content\/uploads\/2024\/01\/Team_Social-Media.png","contentUrl":"https:\/\/mindplay-marketing.com\/wp-content\/uploads\/2024\/01\/Team_Social-Media.png","width":812,"height":607,"caption":"Das gesamte Mindplay Marketing Team ist in schwarz wei\u00df Fotos dargestellt. Im Hintergrund sind schwarz umrandete Kreise mit einer rosa-orangenen Fl\u00e4chenf\u00fcllung im Farbverlauf."},{"@type":"BreadcrumbList","@id":"https:\/\/mindplay-marketing.com\/en\/contact\/#breadcrumb","itemListElement":[{"@type":"ListItem","position":1,"name":"Startseite","item":"https:\/\/mindplay-marketing.com\/en\/"},{"@type":"ListItem","position":2,"name":"Contact"}]},{"@type":"WebSite","@id":"https:\/\/mindplay-marketing.com\/en\/#website","url":"https:\/\/mindplay-marketing.com\/en\/","name":"Mindplay Marketing","description":"Dynamisch. Schnell. Innovativ und Verst\u00e4ndlich","publisher":{"@id":"https:\/\/mindplay-marketing.com\/en\/#organization"},"potentialAction":[{"@type":"SearchAction","target":{"@type":"EntryPoint","urlTemplate":"https:\/\/mindplay-marketing.com\/en\/?s={search_term_string}"},"query-input":"required name=search_term_string"}],"inLanguage":"en-US"},{"@type":"Organization","@id":"https:\/\/mindplay-marketing.com\/en\/#organization","name":"Mindplay Marketing","url":"https:\/\/mindplay-marketing.com\/en\/","logo":{"@type":"ImageObject","inLanguage":"en-US","@id":"https:\/\/mindplay-marketing.com\/en\/#\/schema\/logo\/image\/","url":"https:\/\/mindplay-marketing.com\/wp-content\/uploads\/2024\/03\/2550x650_schwarz_lang_353x90.png","contentUrl":"https:\/\/mindplay-marketing.com\/wp-content\/uploads\/2024\/03\/2550x650_schwarz_lang_353x90.png","width":353,"height":90,"caption":"Mindplay Marketing"},"image":{"@id":"https:\/\/mindplay-marketing.com\/en\/#\/schema\/logo\/image\/"},"sameAs":["https:\/\/www.instagram.com\/mindplaymarketing\/"]}]}},"_links":{"self":[{"href":"https:\/\/mindplay-marketing.com\/en\/wp-json\/wp\/v2\/pages\/3998","targetHints":{"allow":["GET"]}}],"collection":[{"href":"https:\/\/mindplay-marketing.com\/en\/wp-json\/wp\/v2\/pages"}],"about":[{"href":"https:\/\/mindplay-marketing.com\/en\/wp-json\/wp\/v2\/types\/page"}],"author":[{"embeddable":true,"href":"https:\/\/mindplay-marketing.com\/en\/wp-json\/wp\/v2\/users\/1"}],"replies":[{"embeddable":true,"href":"https:\/\/mindplay-marketing.com\/en\/wp-json\/wp\/v2\/comments?post=3998"}],"version-history":[{"count":3,"href":"https:\/\/mindplay-marketing.com\/en\/wp-json\/wp\/v2\/pages\/3998\/revisions"}],"predecessor-version":[{"id":4320,"href":"https:\/\/mindplay-marketing.com\/en\/wp-json\/wp\/v2\/pages\/3998\/revisions\/4320"}],"wp:featuredmedia":[{"embeddable":true,"href":"https:\/\/mindplay-marketing.com\/en\/wp-json\/wp\/v2\/media\/3929"}],"wp:attachment":[{"href":"https:\/\/mindplay-marketing.com\/en\/wp-json\/wp\/v2\/media?parent=3998"}],"curies":[{"name":"wp","href":"https:\/\/api.w.org\/{rel}","templated":true}]}}